{"id":8,"date":"2015-02-20T20:12:00","date_gmt":"2015-02-20T20:12:00","guid":{"rendered":"https:\/\/www.olgakrouk.de\/?page_id=8"},"modified":"2024-05-10T17:54:22","modified_gmt":"2024-05-10T15:54:22","slug":"home","status":"publish","type":"page","link":"https:\/\/www.olgakrouk.de\/","title":{"rendered":"Eine ergreifende Liebesgeschichte"},"content":{"rendered":"<p><em><strong style=\"font-size: 20px;\">Ein spannendes Abenteuer<\/strong><\/em><\/p>\n<p><em><strong style=\"font-size: 20px;\">Schicksalshafte Begegnungen<\/strong><\/em><\/p>\n<p><strong>Historische Romane, <\/strong><strong>Romantasy<\/strong>, <strong>Romantic Thrill<\/strong> &#8211; als Autorin bin ich in vielen Genres unterwegs. Seit 2007 sind mehr als 10 B\u00fccher von mir erscheinen. Unter anderem bei Verlagen wie Fischer, Heyne, Lyx, Drachenmond und anderen. Trotz unterschiedlicher Genres haben alle meine Romane etwas gemeinsam. Sie sind \u00fcberraschend, humorvoll und haben eine sch\u00f6ne Liebesgeschichte im Hintergrund.<\/p>\n<hr \/>\n<h2>Neu: &#8222;Die Senfbl\u00fctensaga. Zeit f\u00fcr Tr\u00e4ume&#8220; &#8211; eine Liebesgeschichte im historischen Metz<\/h2>\n<div id=\"attachment_1716\" style=\"width: 310px\" class=\"wp-caption alignleft\"><img loading=\"lazy\" decoding=\"async\" aria-describedby=\"caption-attachment-1716\" class=\"wp-image-1716 size-medium\" title=\" Senfbl\u00fctensaga Liebesgeschichte\" src=\"https:\/\/www.olgakrouk.de\/wp-content\/uploads\/2021\/06\/WhatsApp-Image-2021-06-08-at-10.27.22-300x300.jpeg\" alt=\"Die Senfbl\u00fctensaga. Zeit f\u00fcr Tr\u00e4ume\" width=\"300\" height=\"300\" srcset=\"https:\/\/www.olgakrouk.de\/wp-content\/uploads\/2021\/06\/WhatsApp-Image-2021-06-08-at-10.27.22-300x300.jpeg 300w, https:\/\/www.olgakrouk.de\/wp-content\/uploads\/2021\/06\/WhatsApp-Image-2021-06-08-at-10.27.22-150x150.jpeg 150w, https:\/\/www.olgakrouk.de\/wp-content\/uploads\/2021\/06\/WhatsApp-Image-2021-06-08-at-10.27.22-768x768.jpeg 768w, https:\/\/www.olgakrouk.de\/wp-content\/uploads\/2021\/06\/WhatsApp-Image-2021-06-08-at-10.27.22-210x210.jpeg 210w, https:\/\/www.olgakrouk.de\/wp-content\/uploads\/2021\/06\/WhatsApp-Image-2021-06-08-at-10.27.22.jpeg 1024w\" sizes=\"auto, (max-width: 300px) 100vw, 300px\" \/><p id=\"caption-attachment-1716\" class=\"wp-caption-text\">Die Senfbl\u00fctensaga. Zeit f\u00fcr Tr\u00e4ume<\/p><\/div>\n<p>Der Geschmack von Freiheit, die Sehnsucht nach Liebe, eine junge Frau zwischen Pflicht und Gef\u00fchl: Mein erster historischer Roman <a href=\"https:\/\/www.olgakrouk.de\/?p=1696\" rel=\"noopener noreferrer\">&#8222;Die Senfbl\u00fctensaga. Zeit f\u00fcr Tr\u00e4ume&#8220;<\/a> ist endlich erh\u00e4ltlich!<\/p>\n<p><em>Metz, Elsass-Lothringen, 1908:<\/em> Emma m\u00f6chte mehr im Leben erreichen, als Ehefrau und Mutter zu sein. Am liebsten w\u00fcrde sie in Stra\u00dfburg studieren. Stattdessen soll sie mit dem Sohn des Fuhrunternehmers Seidel verkuppelt werden. Emma und Carl sind einander &#8211; zu ihrer eigenen \u00dcberraschung &#8211; sofort sympathisch. Emma ist von Carls Leidenschaft f\u00fcr Aromen und D\u00fcfte begeistert und ermutigt ihn, seine eigene Senffabrik zu gr\u00fcnden. Und auch Emmas Unternehmerinnengeist ist geweckt. W\u00e4hrend er die Vorbereitungen trifft, l\u00e4sst Carl Emma an allen Entscheidungen teilhaben, fragt sie um Rat. Aber liebt sie Carl wirklich? Und warum ist sie so fasziniert von Carls Freund Antoine? Mit seinem Charme droht er einen Keil zwischen Emma und Carl zu treiben.<\/p>\n<p>In &#8222;Die Senfbl\u00fctensaga. Zeit f\u00fcr Tr\u00e4ume&#8220; erwarten euch schicksalhafte Begegnungen und eine sch\u00f6ne Liebesgeschichte &#8211; wer das Buch im <a href=\"https:\/\/shop.autorenwelt.de\/products\/die-senfblutensaga-zeit-fur-traume-roman-von-clara-langenbach?variant=32913922162781\" target=\"_blank\" rel=\"noopener noreferrer\">Autorenwelt-Shop<\/a> bestellt, kann mich noch zus\u00e4tzlich unterst\u00fctzen.<\/p>\n<p><span style=\"color: #23282d; font-size: 1.6em; font-weight: 600;\">Stimmen zum Buch:<\/span><\/p>\n<p><a href=\"https:\/\/www.radiosalue.de\/podcast\/martina_straten\/ClaraLangenbach.mp3\" target=\"_blank\" rel=\"noopener\">PODCAST<\/a> im Radio Sal\u00fc zu &#8222;Die Senfbl\u00fctensaga &#8211; Zeit f\u00fcr Tr\u00e4ume&#8220;<\/p>\n<p>&#8222;Der Beginn einer neuen Saga, die sich keineswegs verstecken muss. Wunderbar zum Eintauchen und Wegschm\u00f6kern.&#8220; Sina Hufnagel, <a href=\"https:\/\/www.thalia.de\/shop\/home\/artikeldetails\/ID150007068.html\" target=\"_blank\" rel=\"noopener\">Thalia-Buchhandlung Baden-Baden<\/a><\/p>\n<p>&#8222;Authentische Familiensaga mit polarisierenden Charakteren!&#8220; <strong>Gharoo<\/strong> f\u00fcr Lovelybooks<\/p>\n<p><i>&#8222;<\/i>Einzigartige (&#8230;) Lekt\u00fcre, die das Geschichtswissen neu sortiert, aufarbeitet und faszinierende Lesestunden bereith\u00e4lt.&#8220; <strong>Nicole<\/strong> von <a href=\"https:\/\/kataleyadiamond.blogspot.com\/2021\/05\/die-senfblutensaga-1-zeit-fur-traume.html\" target=\"_blank\" rel=\"noopener noreferrer\">KataleyaDimond<\/a><\/p>\n<p>&#8222;Ich glaube, diese Reise wird mich noch viel l\u00e4nger nachhaltig besch\u00e4ftigen, da dieses Buch so viele Themen beinhaltet und breit gef\u00e4cherte Charaktere besitzt, die einen nachdenklich stimmen und auch Bewunderung versp\u00fcren lassen.&#8220; <strong>Myles<\/strong> f\u00fcr den Blog <a href=\"https:\/\/buechernostalgie.jimdofree.com\/2021\/05\/20\/die-senfbl%C3%BCtensaga-zeit-f%C3%BCr-tr%C3%A4ume\/\" target=\"_blank\" rel=\"noopener noreferrer\">B\u00fcchernostalgie<\/a>.<\/p>\n","protected":false},"excerpt":{"rendered":"<p>Ein spannendes Abenteuer Schicksalshafte Begegnungen Historische Romane, Romantasy, Romantic Thrill &#8211; als Autorin bin ich in vielen Genres unterwegs. Seit 2007 sind mehr als 10 B\u00fccher von mir erscheinen. Unter &hellip; <a class=\"readmore\" href=\"https:\/\/www.olgakrouk.de\/\">weiterlesen \u2192<\/a><\/p>\n","protected":false},"author":1,"featured_media":0,"parent":0,"menu_order":0,"comment_status":"closed","ping_status":"closed","template":"","meta":{"footnotes":""},"class_list":["post-8","page","type-page","status-publish","hentry"],"yoast_head":"<!-- This site is optimized with the Yoast SEO plugin v27.1.1 - https:\/\/yoast.com\/product\/yoast-seo-wordpress\/ -->\n<title>Eine ergreifende Liebesgeschichte - Olga A. Krouk<\/title>\n<meta name=\"description\" content=\"Eine sch\u00f6ne Liebesgeschichte, Fantasy, Spannung - hier erf\u00e4hrst du alles \u00fcber Neuerscheinungen von Olga A. Krouk. Besuche auch meinen Blog!\" \/>\n<meta name=\"robots\" content=\"index, follow, max-snippet:-1, max-image-preview:large, max-video-preview:-1\" \/>\n<link rel=\"canonical\" href=\"https:\/\/www.olgakrouk.de\/\" \/>\n<meta property=\"og:locale\" content=\"de_DE\" \/>\n<meta property=\"og:type\" content=\"article\" \/>\n<meta property=\"og:title\" content=\"Eine ergreifende Liebesgeschichte - Olga A. Krouk\" \/>\n<meta property=\"og:description\" content=\"Eine sch\u00f6ne Liebesgeschichte, Fantasy, Spannung - hier erf\u00e4hrst du alles \u00fcber Neuerscheinungen von Olga A. Krouk. Besuche auch meinen Blog!\" \/>\n<meta property=\"og:url\" content=\"https:\/\/www.olgakrouk.de\/\" \/>\n<meta property=\"og:site_name\" content=\"Olga A. Krouk\" \/>\n<meta property=\"article:modified_time\" content=\"2024-05-10T15:54:22+00:00\" \/>\n<meta property=\"og:image\" content=\"https:\/\/www.olgakrouk.de\/wp-content\/uploads\/2021\/06\/WhatsApp-Image-2021-06-08-at-10.27.22-300x300.jpeg\" \/>\n<meta name=\"twitter:card\" content=\"summary_large_image\" \/>\n<meta name=\"twitter:label1\" content=\"Gesch\u00e4tzte Lesezeit\" \/>\n\t<meta name=\"twitter:data1\" content=\"3\u00a0Minuten\" \/>\n<script type=\"application\/ld+json\" class=\"yoast-schema-graph\">{\"@context\":\"https:\/\/schema.org\",\"@graph\":[{\"@type\":\"WebPage\",\"@id\":\"https:\/\/www.olgakrouk.de\/\",\"url\":\"https:\/\/www.olgakrouk.de\/\",\"name\":\"Eine ergreifende Liebesgeschichte - Olga A. Krouk\",\"isPartOf\":{\"@id\":\"https:\/\/www.olgakrouk.de\/#website\"},\"primaryImageOfPage\":{\"@id\":\"https:\/\/www.olgakrouk.de\/#primaryimage\"},\"image\":{\"@id\":\"https:\/\/www.olgakrouk.de\/#primaryimage\"},\"thumbnailUrl\":\"https:\/\/www.olgakrouk.de\/wp-content\/uploads\/2021\/06\/WhatsApp-Image-2021-06-08-at-10.27.22-300x300.jpeg\",\"datePublished\":\"2015-02-20T20:12:00+00:00\",\"dateModified\":\"2024-05-10T15:54:22+00:00\",\"description\":\"Eine sch\u00f6ne Liebesgeschichte, Fantasy, Spannung - hier erf\u00e4hrst du alles \u00fcber Neuerscheinungen von Olga A. Krouk. Besuche auch meinen Blog!\",\"breadcrumb\":{\"@id\":\"https:\/\/www.olgakrouk.de\/#breadcrumb\"},\"inLanguage\":\"de\",\"potentialAction\":[{\"@type\":\"ReadAction\",\"target\":[\"https:\/\/www.olgakrouk.de\/\"]}]},{\"@type\":\"ImageObject\",\"inLanguage\":\"de\",\"@id\":\"https:\/\/www.olgakrouk.de\/#primaryimage\",\"url\":\"https:\/\/www.olgakrouk.de\/wp-content\/uploads\/2021\/06\/WhatsApp-Image-2021-06-08-at-10.27.22.jpeg\",\"contentUrl\":\"https:\/\/www.olgakrouk.de\/wp-content\/uploads\/2021\/06\/WhatsApp-Image-2021-06-08-at-10.27.22.jpeg\",\"width\":1024,\"height\":1024},{\"@type\":\"BreadcrumbList\",\"@id\":\"https:\/\/www.olgakrouk.de\/#breadcrumb\",\"itemListElement\":[{\"@type\":\"ListItem\",\"position\":1,\"name\":\"Startseite\",\"item\":\"https:\/\/www.olgakrouk.de\/\"},{\"@type\":\"ListItem\",\"position\":2,\"name\":\"Eine ergreifende Liebesgeschichte\"}]},{\"@type\":\"WebSite\",\"@id\":\"https:\/\/www.olgakrouk.de\/#website\",\"url\":\"https:\/\/www.olgakrouk.de\/\",\"name\":\"Olga A. Krouk\",\"description\":\"B\u00fccher mit Spannung. Und Herz.\",\"potentialAction\":[{\"@type\":\"SearchAction\",\"target\":{\"@type\":\"EntryPoint\",\"urlTemplate\":\"https:\/\/www.olgakrouk.de\/?s={search_term_string}\"},\"query-input\":{\"@type\":\"PropertyValueSpecification\",\"valueRequired\":true,\"valueName\":\"search_term_string\"}}],\"inLanguage\":\"de\"}]}<\/script>\n<!-- \/ Yoast SEO plugin. -->","yoast_head_json":{"title":"Eine ergreifende Liebesgeschichte - Olga A. Krouk","description":"Eine sch\u00f6ne Liebesgeschichte, Fantasy, Spannung - hier erf\u00e4hrst du alles \u00fcber Neuerscheinungen von Olga A. Krouk. Besuche auch meinen Blog!","robots":{"index":"index","follow":"follow","max-snippet":"max-snippet:-1","max-image-preview":"max-image-preview:large","max-video-preview":"max-video-preview:-1"},"canonical":"https:\/\/www.olgakrouk.de\/","og_locale":"de_DE","og_type":"article","og_title":"Eine ergreifende Liebesgeschichte - Olga A. Krouk","og_description":"Eine sch\u00f6ne Liebesgeschichte, Fantasy, Spannung - hier erf\u00e4hrst du alles \u00fcber Neuerscheinungen von Olga A. Krouk. Besuche auch meinen Blog!","og_url":"https:\/\/www.olgakrouk.de\/","og_site_name":"Olga A. Krouk","article_modified_time":"2024-05-10T15:54:22+00:00","og_image":[{"url":"https:\/\/www.olgakrouk.de\/wp-content\/uploads\/2021\/06\/WhatsApp-Image-2021-06-08-at-10.27.22-300x300.jpeg","type":"","width":"","height":""}],"twitter_card":"summary_large_image","twitter_misc":{"Gesch\u00e4tzte Lesezeit":"3\u00a0Minuten"},"schema":{"@context":"https:\/\/schema.org","@graph":[{"@type":"WebPage","@id":"https:\/\/www.olgakrouk.de\/","url":"https:\/\/www.olgakrouk.de\/","name":"Eine ergreifende Liebesgeschichte - Olga A. Krouk","isPartOf":{"@id":"https:\/\/www.olgakrouk.de\/#website"},"primaryImageOfPage":{"@id":"https:\/\/www.olgakrouk.de\/#primaryimage"},"image":{"@id":"https:\/\/www.olgakrouk.de\/#primaryimage"},"thumbnailUrl":"https:\/\/www.olgakrouk.de\/wp-content\/uploads\/2021\/06\/WhatsApp-Image-2021-06-08-at-10.27.22-300x300.jpeg","datePublished":"2015-02-20T20:12:00+00:00","dateModified":"2024-05-10T15:54:22+00:00","description":"Eine sch\u00f6ne Liebesgeschichte, Fantasy, Spannung - hier erf\u00e4hrst du alles \u00fcber Neuerscheinungen von Olga A. Krouk. Besuche auch meinen Blog!","breadcrumb":{"@id":"https:\/\/www.olgakrouk.de\/#breadcrumb"},"inLanguage":"de","potentialAction":[{"@type":"ReadAction","target":["https:\/\/www.olgakrouk.de\/"]}]},{"@type":"ImageObject","inLanguage":"de","@id":"https:\/\/www.olgakrouk.de\/#primaryimage","url":"https:\/\/www.olgakrouk.de\/wp-content\/uploads\/2021\/06\/WhatsApp-Image-2021-06-08-at-10.27.22.jpeg","contentUrl":"https:\/\/www.olgakrouk.de\/wp-content\/uploads\/2021\/06\/WhatsApp-Image-2021-06-08-at-10.27.22.jpeg","width":1024,"height":1024},{"@type":"BreadcrumbList","@id":"https:\/\/www.olgakrouk.de\/#breadcrumb","itemListElement":[{"@type":"ListItem","position":1,"name":"Startseite","item":"https:\/\/www.olgakrouk.de\/"},{"@type":"ListItem","position":2,"name":"Eine ergreifende Liebesgeschichte"}]},{"@type":"WebSite","@id":"https:\/\/www.olgakrouk.de\/#website","url":"https:\/\/www.olgakrouk.de\/","name":"Olga A. Krouk","description":"B\u00fccher mit Spannung. Und Herz.","potentialAction":[{"@type":"SearchAction","target":{"@type":"EntryPoint","urlTemplate":"https:\/\/www.olgakrouk.de\/?s={search_term_string}"},"query-input":{"@type":"PropertyValueSpecification","valueRequired":true,"valueName":"search_term_string"}}],"inLanguage":"de"}]}},"_links":{"self":[{"href":"https:\/\/www.olgakrouk.de\/index.php?rest_route=\/wp\/v2\/pages\/8","targetHints":{"allow":["GET"]}}],"collection":[{"href":"https:\/\/www.olgakrouk.de\/index.php?rest_route=\/wp\/v2\/pages"}],"about":[{"href":"https:\/\/www.olgakrouk.de\/index.php?rest_route=\/wp\/v2\/types\/page"}],"author":[{"embeddable":true,"href":"https:\/\/www.olgakrouk.de\/index.php?rest_route=\/wp\/v2\/users\/1"}],"replies":[{"embeddable":true,"href":"https:\/\/www.olgakrouk.de\/index.php?rest_route=%2Fwp%2Fv2%2Fcomments&post=8"}],"version-history":[{"count":84,"href":"https:\/\/www.olgakrouk.de\/index.php?rest_route=\/wp\/v2\/pages\/8\/revisions"}],"predecessor-version":[{"id":1774,"href":"https:\/\/www.olgakrouk.de\/index.php?rest_route=\/wp\/v2\/pages\/8\/revisions\/1774"}],"wp:attachment":[{"href":"https:\/\/www.olgakrouk.de\/index.php?rest_route=%2Fwp%2Fv2%2Fmedia&parent=8"}],"curies":[{"name":"wp","href":"https:\/\/api.w.org\/{rel}","templated":true}]}}