{"id":1114,"date":"2018-04-14T16:23:29","date_gmt":"2018-04-14T14:23:29","guid":{"rendered":"https:\/\/michels.shuyas.info\/?page_id=1114"},"modified":"2024-05-10T18:04:35","modified_gmt":"2024-05-10T16:04:35","slug":"ueber-mich","status":"publish","type":"page","link":"https:\/\/www.olgakrouk.de\/?page_id=1114","title":{"rendered":"Schreiben. Lesen. Kaffee trinken."},"content":{"rendered":"<div id=\"attachment_1629\" style=\"width: 215px\" class=\"wp-caption alignleft\"><img loading=\"lazy\" decoding=\"async\" aria-describedby=\"caption-attachment-1629\" class=\"wp-image-1629\" title=\"nicht schreiben\" src=\"https:\/\/www.olgakrouk.de\/wp-content\/uploads\/2019\/10\/olga-300x300.jpg\" alt=\"\" width=\"205\" height=\"205\" srcset=\"https:\/\/www.olgakrouk.de\/wp-content\/uploads\/2019\/10\/olga-300x300.jpg 300w, https:\/\/www.olgakrouk.de\/wp-content\/uploads\/2019\/10\/olga-150x150.jpg 150w, https:\/\/www.olgakrouk.de\/wp-content\/uploads\/2019\/10\/olga-768x768.jpg 768w, https:\/\/www.olgakrouk.de\/wp-content\/uploads\/2019\/10\/olga-1024x1024.jpg 1024w, https:\/\/www.olgakrouk.de\/wp-content\/uploads\/2019\/10\/olga-210x210.jpg 210w, https:\/\/www.olgakrouk.de\/wp-content\/uploads\/2019\/10\/olga.jpg 1080w\" sizes=\"auto, (max-width: 205px) 100vw, 205px\" \/><p id=\"caption-attachment-1629\" class=\"wp-caption-text\">Olga A. Krouk &#8211; ausnahmsweise nicht beim Schreiben.<\/p><\/div>\n<p>&#8222;Schreib mal ein Buch!&#8220;, haben sie gesagt. &#8222;Das macht Spa\u00df!&#8220;, haben sie gesagt.<br \/>\nDass es <strong>ARBEIT<\/strong> ist, haben sie nicht gesagt &#8230; \ud83d\ude00<\/p>\n<h2>Kurzvita<\/h2>\n<p>Ich wurde 1981 in Moskau geboren. Die Kindheit verbrachte ich in der Ukraine, nach der Perestroika kam meine Familie nach Sankt Petersburg, wo ich mit dem Schreiben begann. 2001 zog ich &#8211; der Kopf voller Romanideen &#8211; nach Berlin. Zur Zeit lebe ich mit meinem Mann und vier S\u00f6hnen in einer kleinen Stadt in Schleswig-Holstein. Ich bin Mitglied in der <a href=\"https:\/\/www.vgwort.de\/\" target=\"_blank\" rel=\"noopener noreferrer\">VG Wort<\/a> und im Autorenforum <a href=\"https:\/\/www.montsegur.de\/\" target=\"_blank\" rel=\"noopener noreferrer\">Monts\u00e9gur.<\/a> Vertreten werde ich durch die <a href=\"https:\/\/litagentur.com\/\" target=\"_blank\" rel=\"noopener noreferrer\">Agentur Michael Gaeb<\/a>.<\/p>\n<hr \/>\n<h1>Interview-Schnipsel: \u00dcber das Schreiben und das Leben<\/h1>\n<p><a href=\"https:\/\/literaturschock.de\/autoren\/interviews\/interview-krouk-olga-a-deutsch\" target=\"_blank\" rel=\"noopener noreferrer\"><strong>Literaturschock:<\/strong><\/a>\u00a0<strong>Was war bei Dir der Ausl\u00f6ser, in die Tasten zu hauen und Dein erstes Buch zu schreiben?<\/strong><br \/>\n<strong>Olga A. Krouk:<\/strong> *fl\u00fcster* Damals hatte ich noch keine Tasten. Nur einen Kugelschreiber (Okay, nicht nur einen). Mein erstes \u201eBuch\u201c war eine Geschichte \u00fcber ein auf einer einsamen Insel gestrandetes P\u00e4rchen. Der Ausl\u00f6ser, zu einem meiner Kugelschreiber zu greifen, war ein ganz besonderes Geschenk. Ein Notizbuch. Es sah wie ein richtiges, gebundenes Buch aus und musste nur \u201egef\u00fcllt\u201c werden.<\/p>\n<p><strong><a href=\"https:\/\/www.fantasy-news.com\/2010\/11\/27\/interview-mit-olga-a-krouk\/\" target=\"_blank\" rel=\"noopener noreferrer\">Darkstars Fantasynews:<\/a> Du wurdest in Moskau geboren, hast in der Ukraine und in St. Petersburg gelebt, ehe es Dich nach Deutschland verschlagen hat. Inwiefern haben Deine osteurop\u00e4ischen Wurzeln Einfluss auf Deine Arbeit als Autorin?<\/strong><br \/>\n<strong>Olga A. Krouk:<\/strong> In der Seelen-Trilogie gibt es eine Schl\u00fcsselfigur, die osteurop\u00e4ische Wurzeln hat und in &#8222;Der Tag, an dem meine Schwester zur D\u00e4monin wurde&#8220; ist ein Wodjanoi anzutreffen \u2013 eine bekannte Gestalt aus russischen M\u00e4rchen. <em>Nachtrag: <\/em>In &#8222;Die Schattenfl\u00fcsterin. Zwischen herz und D\u00e4mon&#8220; geht es um slawische Mythologie und die Handlung spielt in Sankt Petersburg. Ich denke, ich greife sehr gern auf meine Erfahrungen in Russland zur\u00fcck, aber das ist nicht das einzige Merkmal, das meine Romane ausmacht.<\/p>\n<p><strong><a href=\"https:\/\/lilyswortwelt.de\/autoreninterview-mit-olga-krouk\/\" target=\"_blank\" rel=\"noopener noreferrer\">Lilys Wortwelt:<\/a> Nehmen wir mal an, dass wir uns gerade in Hogwarts befinden. In welchem Haus bist du?<\/strong><br \/>\n<strong>Olga A. Krouk:<\/strong> Nat\u00fcrlich in keinem. Denn ich bin die Hausmeisterin. Die Vorteile liegen auf der Hand: Ich muss mich morgens nicht schminken, unter Umst\u00e4nden sogar nicht einmal duschen. <img decoding=\"async\" class=\"emoji\" draggable=\"false\" src=\"https:\/\/s.w.org\/images\/core\/emoji\/12.0.0-1\/svg\/1f600.svg\" alt=\"\ud83d\ude00\" \/>\u00a0Ich muss nicht freundlich zu anderen sein, schon gar nicht vor dem ersten Kaffee. Niemand wei\u00df so genau, was ich mache, aber alle haben Angst, von mir erwischt zu werden. UND: Ich darf \u00fcberall hin. Auch in die geheime Abteilung der Bibliothek.<\/p>\n<hr \/>\n<h2>M\u00f6chtest du mehr \u00fcber mich erfahren?<\/h2>\n<p><a href=\"https:\/\/www.olgakrouk.de\/?page_id=1125\">Dann schreibe mir!<\/a><\/p>\n<hr \/>\n","protected":false},"excerpt":{"rendered":"<p>&#8222;Schreib mal ein Buch!&#8220;, haben sie gesagt. &#8222;Das macht Spa\u00df!&#8220;, haben sie gesagt. Dass es ARBEIT ist, haben sie nicht gesagt &#8230; \ud83d\ude00 Kurzvita Ich wurde 1981 in Moskau geboren. &hellip; <a class=\"readmore\" href=\"https:\/\/www.olgakrouk.de\/?page_id=1114\">weiterlesen \u2192<\/a><\/p>\n","protected":false},"author":1,"featured_media":0,"parent":0,"menu_order":0,"comment_status":"closed","ping_status":"closed","template":"","meta":{"footnotes":""},"class_list":["post-1114","page","type-page","status-publish","hentry"],"yoast_head":"<!-- This site is optimized with the Yoast SEO plugin v27.1.1 - https:\/\/yoast.com\/product\/yoast-seo-wordpress\/ -->\n<title>Schreiben. Lesen. Kaffee trinken. - Olga A. Krouk %<\/title>\n<meta name=\"description\" content=\"Autorenleben von Olga A. Krouk: Schreiben, lesen, Kaffee trinken? Hier erfahrt ihr ein paar Fakten \u00fcber mich, \u00fcber das Schreiben und meine B\u00fccher.\" \/>\n<meta name=\"robots\" content=\"index, follow, max-snippet:-1, max-image-preview:large, max-video-preview:-1\" \/>\n<link rel=\"canonical\" href=\"https:\/\/www.olgakrouk.de\/?page_id=1114\" \/>\n<meta property=\"og:locale\" content=\"de_DE\" \/>\n<meta property=\"og:type\" content=\"article\" \/>\n<meta property=\"og:title\" content=\"Schreiben. Lesen. Kaffee trinken. - Olga A. Krouk %\" \/>\n<meta property=\"og:description\" content=\"Autorenleben von Olga A. Krouk: Schreiben, lesen, Kaffee trinken? Hier erfahrt ihr ein paar Fakten \u00fcber mich, \u00fcber das Schreiben und meine B\u00fccher.\" \/>\n<meta property=\"og:url\" content=\"https:\/\/www.olgakrouk.de\/?page_id=1114\" \/>\n<meta property=\"og:site_name\" content=\"Olga A. Krouk\" \/>\n<meta property=\"article:modified_time\" content=\"2024-05-10T16:04:35+00:00\" \/>\n<meta property=\"og:image\" content=\"https:\/\/www.olgakrouk.de\/wp-content\/uploads\/2019\/10\/olga-300x300.jpg\" \/>\n<meta name=\"twitter:card\" content=\"summary_large_image\" \/>\n<meta name=\"twitter:label1\" content=\"Gesch\u00e4tzte Lesezeit\" \/>\n\t<meta name=\"twitter:data1\" content=\"3\u00a0Minuten\" \/>\n<script type=\"application\/ld+json\" class=\"yoast-schema-graph\">{\"@context\":\"https:\/\/schema.org\",\"@graph\":[{\"@type\":\"WebPage\",\"@id\":\"https:\/\/www.olgakrouk.de\/?page_id=1114\",\"url\":\"https:\/\/www.olgakrouk.de\/?page_id=1114\",\"name\":\"Schreiben. Lesen. Kaffee trinken. - Olga A. Krouk %\",\"isPartOf\":{\"@id\":\"https:\/\/www.olgakrouk.de\/#website\"},\"primaryImageOfPage\":{\"@id\":\"https:\/\/www.olgakrouk.de\/?page_id=1114#primaryimage\"},\"image\":{\"@id\":\"https:\/\/www.olgakrouk.de\/?page_id=1114#primaryimage\"},\"thumbnailUrl\":\"https:\/\/www.olgakrouk.de\/wp-content\/uploads\/2019\/10\/olga-300x300.jpg\",\"datePublished\":\"2018-04-14T14:23:29+00:00\",\"dateModified\":\"2024-05-10T16:04:35+00:00\",\"description\":\"Autorenleben von Olga A. Krouk: Schreiben, lesen, Kaffee trinken? Hier erfahrt ihr ein paar Fakten \u00fcber mich, \u00fcber das Schreiben und meine B\u00fccher.\",\"breadcrumb\":{\"@id\":\"https:\/\/www.olgakrouk.de\/?page_id=1114#breadcrumb\"},\"inLanguage\":\"de\",\"potentialAction\":[{\"@type\":\"ReadAction\",\"target\":[\"https:\/\/www.olgakrouk.de\/?page_id=1114\"]}]},{\"@type\":\"ImageObject\",\"inLanguage\":\"de\",\"@id\":\"https:\/\/www.olgakrouk.de\/?page_id=1114#primaryimage\",\"url\":\"https:\/\/www.olgakrouk.de\/wp-content\/uploads\/2019\/10\/olga.jpg\",\"contentUrl\":\"https:\/\/www.olgakrouk.de\/wp-content\/uploads\/2019\/10\/olga.jpg\",\"width\":1080,\"height\":1080},{\"@type\":\"BreadcrumbList\",\"@id\":\"https:\/\/www.olgakrouk.de\/?page_id=1114#breadcrumb\",\"itemListElement\":[{\"@type\":\"ListItem\",\"position\":1,\"name\":\"Startseite\",\"item\":\"https:\/\/www.olgakrouk.de\/\"},{\"@type\":\"ListItem\",\"position\":2,\"name\":\"Schreiben. Lesen. Kaffee trinken.\"}]},{\"@type\":\"WebSite\",\"@id\":\"https:\/\/www.olgakrouk.de\/#website\",\"url\":\"https:\/\/www.olgakrouk.de\/\",\"name\":\"Olga A. Krouk\",\"description\":\"B\u00fccher mit Spannung. Und Herz.\",\"potentialAction\":[{\"@type\":\"SearchAction\",\"target\":{\"@type\":\"EntryPoint\",\"urlTemplate\":\"https:\/\/www.olgakrouk.de\/?s={search_term_string}\"},\"query-input\":{\"@type\":\"PropertyValueSpecification\",\"valueRequired\":true,\"valueName\":\"search_term_string\"}}],\"inLanguage\":\"de\"}]}<\/script>\n<!-- \/ Yoast SEO plugin. -->","yoast_head_json":{"title":"Schreiben. Lesen. Kaffee trinken. - Olga A. Krouk %","description":"Autorenleben von Olga A. Krouk: Schreiben, lesen, Kaffee trinken? Hier erfahrt ihr ein paar Fakten \u00fcber mich, \u00fcber das Schreiben und meine B\u00fccher.","robots":{"index":"index","follow":"follow","max-snippet":"max-snippet:-1","max-image-preview":"max-image-preview:large","max-video-preview":"max-video-preview:-1"},"canonical":"https:\/\/www.olgakrouk.de\/?page_id=1114","og_locale":"de_DE","og_type":"article","og_title":"Schreiben. Lesen. Kaffee trinken. - Olga A. Krouk %","og_description":"Autorenleben von Olga A. Krouk: Schreiben, lesen, Kaffee trinken? Hier erfahrt ihr ein paar Fakten \u00fcber mich, \u00fcber das Schreiben und meine B\u00fccher.","og_url":"https:\/\/www.olgakrouk.de\/?page_id=1114","og_site_name":"Olga A. Krouk","article_modified_time":"2024-05-10T16:04:35+00:00","og_image":[{"url":"https:\/\/www.olgakrouk.de\/wp-content\/uploads\/2019\/10\/olga-300x300.jpg","type":"","width":"","height":""}],"twitter_card":"summary_large_image","twitter_misc":{"Gesch\u00e4tzte Lesezeit":"3\u00a0Minuten"},"schema":{"@context":"https:\/\/schema.org","@graph":[{"@type":"WebPage","@id":"https:\/\/www.olgakrouk.de\/?page_id=1114","url":"https:\/\/www.olgakrouk.de\/?page_id=1114","name":"Schreiben. Lesen. Kaffee trinken. - Olga A. Krouk %","isPartOf":{"@id":"https:\/\/www.olgakrouk.de\/#website"},"primaryImageOfPage":{"@id":"https:\/\/www.olgakrouk.de\/?page_id=1114#primaryimage"},"image":{"@id":"https:\/\/www.olgakrouk.de\/?page_id=1114#primaryimage"},"thumbnailUrl":"https:\/\/www.olgakrouk.de\/wp-content\/uploads\/2019\/10\/olga-300x300.jpg","datePublished":"2018-04-14T14:23:29+00:00","dateModified":"2024-05-10T16:04:35+00:00","description":"Autorenleben von Olga A. Krouk: Schreiben, lesen, Kaffee trinken? Hier erfahrt ihr ein paar Fakten \u00fcber mich, \u00fcber das Schreiben und meine B\u00fccher.","breadcrumb":{"@id":"https:\/\/www.olgakrouk.de\/?page_id=1114#breadcrumb"},"inLanguage":"de","potentialAction":[{"@type":"ReadAction","target":["https:\/\/www.olgakrouk.de\/?page_id=1114"]}]},{"@type":"ImageObject","inLanguage":"de","@id":"https:\/\/www.olgakrouk.de\/?page_id=1114#primaryimage","url":"https:\/\/www.olgakrouk.de\/wp-content\/uploads\/2019\/10\/olga.jpg","contentUrl":"https:\/\/www.olgakrouk.de\/wp-content\/uploads\/2019\/10\/olga.jpg","width":1080,"height":1080},{"@type":"BreadcrumbList","@id":"https:\/\/www.olgakrouk.de\/?page_id=1114#breadcrumb","itemListElement":[{"@type":"ListItem","position":1,"name":"Startseite","item":"https:\/\/www.olgakrouk.de\/"},{"@type":"ListItem","position":2,"name":"Schreiben. Lesen. Kaffee trinken."}]},{"@type":"WebSite","@id":"https:\/\/www.olgakrouk.de\/#website","url":"https:\/\/www.olgakrouk.de\/","name":"Olga A. Krouk","description":"B\u00fccher mit Spannung. Und Herz.","potentialAction":[{"@type":"SearchAction","target":{"@type":"EntryPoint","urlTemplate":"https:\/\/www.olgakrouk.de\/?s={search_term_string}"},"query-input":{"@type":"PropertyValueSpecification","valueRequired":true,"valueName":"search_term_string"}}],"inLanguage":"de"}]}},"_links":{"self":[{"href":"https:\/\/www.olgakrouk.de\/index.php?rest_route=\/wp\/v2\/pages\/1114","targetHints":{"allow":["GET"]}}],"collection":[{"href":"https:\/\/www.olgakrouk.de\/index.php?rest_route=\/wp\/v2\/pages"}],"about":[{"href":"https:\/\/www.olgakrouk.de\/index.php?rest_route=\/wp\/v2\/types\/page"}],"author":[{"embeddable":true,"href":"https:\/\/www.olgakrouk.de\/index.php?rest_route=\/wp\/v2\/users\/1"}],"replies":[{"embeddable":true,"href":"https:\/\/www.olgakrouk.de\/index.php?rest_route=%2Fwp%2Fv2%2Fcomments&post=1114"}],"version-history":[{"count":17,"href":"https:\/\/www.olgakrouk.de\/index.php?rest_route=\/wp\/v2\/pages\/1114\/revisions"}],"predecessor-version":[{"id":1784,"href":"https:\/\/www.olgakrouk.de\/index.php?rest_route=\/wp\/v2\/pages\/1114\/revisions\/1784"}],"wp:attachment":[{"href":"https:\/\/www.olgakrouk.de\/index.php?rest_route=%2Fwp%2Fv2%2Fmedia&parent=1114"}],"curies":[{"name":"wp","href":"https:\/\/api.w.org\/{rel}","templated":true}]}}